{"id":1412,"date":"2025-11-26T13:27:00","date_gmt":"2025-11-26T12:27:00","guid":{"rendered":"https:\/\/mmtechnology.racing\/?page_id=1412"},"modified":"2026-04-09T13:56:12","modified_gmt":"2026-04-09T11:56:12","slug":"media","status":"publish","type":"page","link":"https:\/\/mmtechnology.racing\/cs\/media\/","title":{"rendered":"Media"},"content":{"rendered":"<div data-elementor-type=\"wp-page\" data-elementor-id=\"1412\" class=\"elementor elementor-1412\" data-elementor-post-type=\"page\">\n\t\t\t\t\t\t<section class=\"elementor-section elementor-top-section elementor-element elementor-element-1bf97b23 elementor-section-content-middle elementor-section-full_width elementor-section-height-default elementor-section-height-default\" data-id=\"1bf97b23\" data-element_type=\"section\" data-e-type=\"section\" data-settings=\"{&quot;background_background&quot;:&quot;classic&quot;}\">\n\t\t\t\t\t\t\t<div class=\"elementor-background-overlay\"><\/div>\n\t\t\t\t\t\t\t<div class=\"elementor-container elementor-column-gap-no\">\n\t\t\t\t\t<div class=\"elementor-column elementor-col-100 elementor-top-column elementor-element elementor-element-75f0fbf7\" data-id=\"75f0fbf7\" data-element_type=\"column\" data-e-type=\"column\" data-settings=\"{&quot;background_background&quot;:&quot;classic&quot;}\">\n\t\t\t<div class=\"elementor-widget-wrap elementor-element-populated\">\n\t\t\t\t\t\t<section class=\"elementor-section elementor-inner-section elementor-element elementor-element-722b144a elementor-section-full_width elementor-section-content-middle elementor-section-height-default elementor-section-height-default\" data-id=\"722b144a\" data-element_type=\"section\" data-e-type=\"section\">\n\t\t\t\t\t\t<div class=\"elementor-container elementor-column-gap-no\">\n\t\t\t\t\t<div class=\"elementor-column elementor-col-100 elementor-inner-column elementor-element elementor-element-5977f0d9\" data-id=\"5977f0d9\" data-element_type=\"column\" data-e-type=\"column\">\n\t\t\t<div class=\"elementor-widget-wrap elementor-element-populated\">\n\t\t\t\t\t\t<div class=\"elementor-element elementor-element-3d39b5b9 premium-header-block premium-lq__none premium-box-lq__none elementor-widget elementor-widget-premium-addon-dual-header\" data-id=\"3d39b5b9\" data-element_type=\"widget\" data-e-type=\"widget\" data-widget_type=\"premium-addon-dual-header.default\">\n\t\t\t\t\t\n\t\t<div class=\"elementor-widget-container\">\n\t\t\t\t\t<h2 class=\"premium-dual-header-first-header\"><span class=\"premium-dual-header-first-span\">MEDIA <\/span><span class=\"premium-dual-header-second-header\">ZONE<\/span><\/h2> \t\t\t\t<\/div>\n\n\t\t\t\t\t\t<\/div>\n\t\t\t\t<div class=\"elementor-element elementor-element-735a8731 elementor-widget__width-initial elementor-widget elementor-widget-text-editor\" data-id=\"735a8731\" data-element_type=\"widget\" data-e-type=\"widget\" data-widget_type=\"text-editor.default\">\n\t\t\t\t\t\t\t\t\t<p data-pm-slice=\"1 1 []\">V\u00edtej v MMT Media Zone. V\u0161echny tiskov\u00e9 zpr\u00e1vy, hi-res fotografie, videa a dal\u0161\u00ed materi\u00e1ly m\u00e1\u0161 na jedno kliknut\u00ed. Sta\u010d\u00ed se zaregistrovat a p\u0159ihl\u00e1sit.<\/p>\t\t\t\t\t\t\t\t<\/div>\n\t\t\t\t<div class=\"elementor-element elementor-element-f083acf elementor-align-left elementor-mobile-align-left elementor-widget elementor-widget-button\" data-id=\"f083acf\" data-element_type=\"widget\" data-e-type=\"widget\" data-widget_type=\"button.default\">\n\t\t\t\t\t\t\t\t\t\t<a class=\"elementor-button elementor-button-link elementor-size-sm elementor-animation-shrink\" href=\"#press-login\">\n\t\t\t\t\t\t<span class=\"elementor-button-content-wrapper\">\n\t\t\t\t\t\t<span class=\"elementor-button-icon\">\n\t\t\t\t<svg aria-hidden=\"true\" class=\"e-font-icon-svg e-fas-arrow-right\" viewbox=\"0 0 448 512\" xmlns=\"http:\/\/www.w3.org\/2000\/svg\"><path d=\"M190.5 66.9l22.2-22.2c9.4-9.4 24.6-9.4 33.9 0L441 239c9.4 9.4 9.4 24.6 0 33.9L246.6 467.3c-9.4 9.4-24.6 9.4-33.9 0l-22.2-22.2c-9.5-9.5-9.3-25 .4-34.3L311.4 296H24c-13.3 0-24-10.7-24-24v-32c0-13.3 10.7-24 24-24h287.4L190.9 101.2c-9.8-9.3-10-24.8-.4-34.3z\"><\/path><\/svg>\t\t\t<\/span>\n\t\t\t\t\t\t\t\t\t<span class=\"elementor-button-text\">P\u0158IDEJ SE<\/span>\n\t\t\t\t\t<\/span>\n\t\t\t\t\t<\/a>\n\t\t\t\t\t\t\t\t<\/div>\n\t\t\t\t\t<\/div>\n\t\t<\/div>\n\t\t\t\t\t<\/div>\n\t\t<\/section>\n\t\t\t\t\t<\/div>\n\t\t<\/div>\n\t\t\t\t\t<\/div>\n\t\t<\/section>\n\t\t\t\t<section class=\"elementor-section elementor-top-section elementor-element elementor-element-abde53a elementor-section-boxed elementor-section-height-default elementor-section-height-default\" data-id=\"abde53a\" data-element_type=\"section\" data-e-type=\"section\" id=\"press-login\" data-settings=\"{&quot;background_background&quot;:&quot;classic&quot;}\">\n\t\t\t\t\t\t<div class=\"elementor-container elementor-column-gap-default\">\n\t\t\t\t\t<div class=\"elementor-column elementor-col-100 elementor-top-column elementor-element elementor-element-4fb16c8\" data-id=\"4fb16c8\" data-element_type=\"column\" data-e-type=\"column\">\n\t\t\t<div class=\"elementor-widget-wrap elementor-element-populated\">\n\t\t\t\t\t\t<div class=\"elementor-element elementor-element-714950b premium-header-block premium-header-block premium-header-inline premium-lq__none premium-box-lq__none elementor-widget elementor-widget-premium-addon-dual-header\" data-id=\"714950b\" data-element_type=\"widget\" data-e-type=\"widget\" data-widget_type=\"premium-addon-dual-header.default\">\n\t\t\t\t\t\n\t\t<div class=\"elementor-widget-container\">\n\t\t\t\t\t<h2 class=\"premium-dual-header-first-header\"><span class=\"premium-dual-header-first-span\"> <\/span><span class=\"premium-dual-header-second-header\">MEDIA ZONE<\/span><\/h2> \t\t\t\t<\/div>\n\n\t\t\t\t\t\t<\/div>\n\t\t\t\t<div class=\"elementor-element elementor-element-1ff7962 elementor-view-default elementor-widget elementor-widget-icon\" data-id=\"1ff7962\" data-element_type=\"widget\" data-e-type=\"widget\" data-widget_type=\"icon.default\">\n\t\t\t\t\t\t\t<div class=\"elementor-icon-wrapper\">\n\t\t\t<div class=\"elementor-icon\">\n\t\t\t<svg aria-hidden=\"true\" class=\"e-font-icon-svg e-fas-angle-double-down\" viewbox=\"0 0 320 512\" xmlns=\"http:\/\/www.w3.org\/2000\/svg\"><path d=\"M143 256.3L7 120.3c-9.4-9.4-9.4-24.6 0-33.9l22.6-22.6c9.4-9.4 24.6-9.4 33.9 0l96.4 96.4 96.4-96.4c9.4-9.4 24.6-9.4 33.9 0L313 86.3c9.4 9.4 9.4 24.6 0 33.9l-136 136c-9.4 9.5-24.6 9.5-34 .1zm34 192l136-136c9.4-9.4 9.4-24.6 0-33.9l-22.6-22.6c-9.4-9.4-24.6-9.4-33.9 0L160 352.1l-96.4-96.4c-9.4-9.4-24.6-9.4-33.9 0L7 278.3c-9.4 9.4-9.4 24.6 0 33.9l136 136c9.4 9.5 24.6 9.5 34 .1z\"><\/path><\/svg>\t\t\t<\/div>\n\t\t<\/div>\n\t\t\t\t\t\t<\/div>\n\t\t\t\t\t<\/div>\n\t\t<\/div>\n\t\t\t\t\t<\/div>\n\t\t<\/section>\n\t\t\t\t<section class=\"elementor-section elementor-top-section elementor-element elementor-element-e22341b elementor-section-boxed elementor-section-height-default elementor-section-height-default\" data-id=\"e22341b\" data-element_type=\"section\" data-e-type=\"section\">\n\t\t\t\t\t\t<div class=\"elementor-container elementor-column-gap-default\">\n\t\t\t\t\t<div class=\"elementor-column elementor-col-100 elementor-top-column elementor-element elementor-element-ab7372f\" data-id=\"ab7372f\" data-element_type=\"column\" data-e-type=\"column\">\n\t\t\t<div class=\"elementor-widget-wrap elementor-element-populated\">\n\t\t\t\t\t\t<div class=\"elementor-element elementor-element-12e7084 elementor-widget elementor-widget-heading\" data-id=\"12e7084\" data-element_type=\"widget\" data-e-type=\"widget\" data-widget_type=\"heading.default\">\n\t\t\t\t\t<h2 class=\"elementor-heading-title elementor-size-default\">V\u00cdTEJ<\/h2>\t\t\t\t<\/div>\n\t\t\t\t\t<\/div>\n\t\t<\/div>\n\t\t\t\t\t<\/div>\n\t\t<\/section>\n\t\t\t\t<section class=\"elementor-section elementor-top-section elementor-element elementor-element-d2e9915 elementor-section-boxed elementor-section-height-default elementor-section-height-default\" data-id=\"d2e9915\" data-element_type=\"section\" data-e-type=\"section\">\n\t\t\t\t\t\t<div class=\"elementor-container elementor-column-gap-default\">\n\t\t\t\t\t<div class=\"elementor-column elementor-col-50 elementor-top-column elementor-element elementor-element-b660540\" data-id=\"b660540\" data-element_type=\"column\" data-e-type=\"column\" data-settings=\"{&quot;background_background&quot;:&quot;classic&quot;}\">\n\t\t\t<div class=\"elementor-widget-wrap elementor-element-populated\">\n\t\t\t\t\t\t<div class=\"elementor-element elementor-element-919d602 elementor-widget elementor-widget-heading\" data-id=\"919d602\" data-element_type=\"widget\" data-e-type=\"widget\" data-widget_type=\"heading.default\">\n\t\t\t\t\t<h2 class=\"elementor-heading-title elementor-size-default\">Chcete z\u00edskat p\u0159\u00edstup?<\/h2>\t\t\t\t<\/div>\n\t\t\t\t<div class=\"elementor-element elementor-element-f347465 elementor-widget elementor-widget-heading\" data-id=\"f347465\" data-element_type=\"widget\" data-e-type=\"widget\" data-widget_type=\"heading.default\">\n\t\t\t\t\t<h2 class=\"elementor-heading-title elementor-size-default\">Jednodu\u0161e se zaregistrujte a po potvrzen\u00ed z\u00edsk\u00e1te okam\u017eit\u011b p\u0159\u00edstup ke v\u0161em materi\u00e1l\u016fm v medi\u00e1ln\u00edm bivaku.<\/h2>\t\t\t\t<\/div>\n\t\t\t\t<div class=\"elementor-element elementor-element-31f5374 elementor-align-justify elementor-mobile-align-center elementor-widget elementor-widget-button\" data-id=\"31f5374\" data-element_type=\"widget\" data-e-type=\"widget\" data-widget_type=\"button.default\">\n\t\t\t\t\t\t\t\t\t\t<a class=\"elementor-button elementor-size-sm elementor-animation-shrink\" role=\"button\">\n\t\t\t\t\t\t<span class=\"elementor-button-content-wrapper\">\n\t\t\t\t\t\t\t\t\t<span class=\"elementor-button-text\">U\u017d BRZY<\/span>\n\t\t\t\t\t<\/span>\n\t\t\t\t\t<\/a>\n\t\t\t\t\t\t\t\t<\/div>\n\t\t\t\t\t<\/div>\n\t\t<\/div>\n\t\t\t\t<div class=\"elementor-column elementor-col-50 elementor-top-column elementor-element elementor-element-6f772c3\" data-id=\"6f772c3\" data-element_type=\"column\" data-e-type=\"column\" data-settings=\"{&quot;background_background&quot;:&quot;classic&quot;}\">\n\t\t\t<div class=\"elementor-widget-wrap elementor-element-populated\">\n\t\t\t\t\t\t<div class=\"elementor-element elementor-element-7af3f72 elementor-widget elementor-widget-heading\" data-id=\"7af3f72\" data-element_type=\"widget\" data-e-type=\"widget\" data-widget_type=\"heading.default\">\n\t\t\t\t\t<h2 class=\"elementor-heading-title elementor-size-default\">Vstoupit<\/h2>\t\t\t\t<\/div>\n\t\t\t\t<div class=\"elementor-element elementor-element-ebe54f2 elementor-widget elementor-widget-heading\" data-id=\"ebe54f2\" data-element_type=\"widget\" data-e-type=\"widget\" data-widget_type=\"heading.default\">\n\t\t\t\t\t<h2 class=\"elementor-heading-title elementor-size-default\">U\u017e m\u00e1te \u00fa\u010det? P\u0159ihlaste se n\u00ed\u017ee a vstupte do medi\u00e1ln\u00edho bivaku, kde z\u00edsk\u00e1te okam\u017eit\u011b p\u0159\u00edstup ke v\u0161em materi\u00e1l\u016fm.<\/h2>\t\t\t\t<\/div>\n\t\t\t\t<div class=\"elementor-element elementor-element-ea49880 elementor-align-justify elementor-mobile-align-center elementor-widget elementor-widget-button\" data-id=\"ea49880\" data-element_type=\"widget\" data-e-type=\"widget\" data-widget_type=\"button.default\">\n\t\t\t\t\t\t\t\t\t\t<a class=\"elementor-button elementor-size-sm elementor-animation-shrink\" role=\"button\">\n\t\t\t\t\t\t<span class=\"elementor-button-content-wrapper\">\n\t\t\t\t\t\t\t\t\t<span class=\"elementor-button-text\">U\u017d BRZY<\/span>\n\t\t\t\t\t<\/span>\n\t\t\t\t\t<\/a>\n\t\t\t\t\t\t\t\t<\/div>\n\t\t\t\t\t<\/div>\n\t\t<\/div>\n\t\t\t\t\t<\/div>\n\t\t<\/section>\n\t\t\t\t<section class=\"elementor-section elementor-top-section elementor-element elementor-element-6e9c290 elementor-section-boxed elementor-section-height-default elementor-section-height-default\" data-id=\"6e9c290\" data-element_type=\"section\" data-e-type=\"section\" data-settings=\"{&quot;background_background&quot;:&quot;classic&quot;}\">\n\t\t\t\t\t\t<div class=\"elementor-container elementor-column-gap-default\">\n\t\t\t\t\t<div class=\"elementor-column elementor-col-100 elementor-top-column elementor-element elementor-element-4aec70c\" data-id=\"4aec70c\" data-element_type=\"column\" data-e-type=\"column\">\n\t\t\t<div class=\"elementor-widget-wrap elementor-element-populated\">\n\t\t\t\t\t\t<section class=\"elementor-section elementor-inner-section elementor-element elementor-element-1d4ac07 elementor-section-content-middle elementor-section-boxed elementor-section-height-default elementor-section-height-default\" data-id=\"1d4ac07\" data-element_type=\"section\" data-e-type=\"section\">\n\t\t\t\t\t\t<div class=\"elementor-container elementor-column-gap-default\">\n\t\t\t\t\t<div class=\"elementor-column elementor-col-50 elementor-inner-column elementor-element elementor-element-05aefc2\" data-id=\"05aefc2\" data-element_type=\"column\" data-e-type=\"column\">\n\t\t\t<div class=\"elementor-widget-wrap elementor-element-populated\">\n\t\t\t\t\t\t<div class=\"elementor-element elementor-element-a7bd678 premium-header-inline premium-header-block premium-header-block premium-lq__none premium-box-lq__none elementor-widget elementor-widget-premium-addon-dual-header\" data-id=\"a7bd678\" data-element_type=\"widget\" data-e-type=\"widget\" data-widget_type=\"premium-addon-dual-header.default\">\n\t\t\t\t\t\n\t\t<div class=\"elementor-widget-container\">\n\t\t\t\t\t<h2 class=\"premium-dual-header-first-header\"><span class=\"premium-dual-header-first-span\">Od MM Technology pro v\u00e1s <\/span><span class=\"premium-dual-header-second-header\">M\u00e1te v\u0161e, co pot\u0159ebujete?<\/span><\/h2> \t\t\t\t<\/div>\n\n\t\t\t\t\t\t<\/div>\n\t\t\t\t<div class=\"elementor-element elementor-element-daefb7a elementor-view-default elementor-widget elementor-widget-icon\" data-id=\"daefb7a\" data-element_type=\"widget\" data-e-type=\"widget\" data-widget_type=\"icon.default\">\n\t\t\t\t\t\t\t<div class=\"elementor-icon-wrapper\">\n\t\t\t<div class=\"elementor-icon\">\n\t\t\t<svg aria-hidden=\"true\" class=\"e-font-icon-svg e-fas-angle-double-down\" viewbox=\"0 0 320 512\" xmlns=\"http:\/\/www.w3.org\/2000\/svg\"><path d=\"M143 256.3L7 120.3c-9.4-9.4-9.4-24.6 0-33.9l22.6-22.6c9.4-9.4 24.6-9.4 33.9 0l96.4 96.4 96.4-96.4c9.4-9.4 24.6-9.4 33.9 0L313 86.3c9.4 9.4 9.4 24.6 0 33.9l-136 136c-9.4 9.5-24.6 9.5-34 .1zm34 192l136-136c9.4-9.4 9.4-24.6 0-33.9l-22.6-22.6c-9.4-9.4-24.6-9.4-33.9 0L160 352.1l-96.4-96.4c-9.4-9.4-24.6-9.4-33.9 0L7 278.3c-9.4 9.4-9.4 24.6 0 33.9l136 136c9.4 9.5 24.6 9.5 34 .1z\"><\/path><\/svg>\t\t\t<\/div>\n\t\t<\/div>\n\t\t\t\t\t\t<\/div>\n\t\t\t\t<div class=\"elementor-element elementor-element-ec5f056 elementor-widget elementor-widget-text-editor\" data-id=\"ec5f056\" data-element_type=\"widget\" data-e-type=\"widget\" data-widget_type=\"text-editor.default\">\n\t\t\t\t\t\t\t\t\t<p>Zde najdete v\u0161e pot\u0159ebn\u00e9 k vypr\u00e1v\u011bn\u00ed p\u0159\u00edb\u011bh\u016f, kter\u00e9 maj\u00ed sp\u00e1d. Tiskov\u00e9 zpr\u00e1vy, fotografie ve vysok\u00e9m rozli\u0161en\u00ed, videa a materi\u00e1ly, kter\u00e9 stoj\u00ed za sd\u00edlen\u00ed. V\u0161e p\u0159ipraveno k pou\u017eit\u00ed \u2013 sta\u010d\u00ed se p\u0159ihl\u00e1sit.<\/p>\t\t\t\t\t\t\t\t<\/div>\n\t\t\t\t<div class=\"elementor-element elementor-element-e2ecf4f elementor-align-left elementor-button-info elementor-mobile-align-justify elementor-widget elementor-widget-button\" data-id=\"e2ecf4f\" data-element_type=\"widget\" data-e-type=\"widget\" data-widget_type=\"button.default\">\n\t\t\t\t\t\t\t\t\t\t<a class=\"elementor-button elementor-button-link elementor-size-sm elementor-animation-shrink\" href=\"#press-login\">\n\t\t\t\t\t\t<span class=\"elementor-button-content-wrapper\">\n\t\t\t\t\t\t<span class=\"elementor-button-icon\">\n\t\t\t\t<svg aria-hidden=\"true\" class=\"e-font-icon-svg e-fas-arrow-right\" viewbox=\"0 0 448 512\" xmlns=\"http:\/\/www.w3.org\/2000\/svg\"><path d=\"M190.5 66.9l22.2-22.2c9.4-9.4 24.6-9.4 33.9 0L441 239c9.4 9.4 9.4 24.6 0 33.9L246.6 467.3c-9.4 9.4-24.6 9.4-33.9 0l-22.2-22.2c-9.5-9.5-9.3-25 .4-34.3L311.4 296H24c-13.3 0-24-10.7-24-24v-32c0-13.3 10.7-24 24-24h287.4L190.9 101.2c-9.8-9.3-10-24.8-.4-34.3z\"><\/path><\/svg>\t\t\t<\/span>\n\t\t\t\t\t\t\t\t\t<span class=\"elementor-button-text\">V\u00cdTEJ<\/span>\n\t\t\t\t\t<\/span>\n\t\t\t\t\t<\/a>\n\t\t\t\t\t\t\t\t<\/div>\n\t\t\t\t\t<\/div>\n\t\t<\/div>\n\t\t\t\t<div class=\"elementor-column elementor-col-50 elementor-inner-column elementor-element elementor-element-a80b3a1\" data-id=\"a80b3a1\" data-element_type=\"column\" data-e-type=\"column\" data-settings=\"{&quot;background_background&quot;:&quot;classic&quot;}\">\n\t\t\t<div class=\"elementor-widget-wrap elementor-element-populated\">\n\t\t\t\t\t\t<div class=\"elementor-element elementor-element-3729f8b elementor-view-stacked elementor-shape-circle elementor-widget elementor-widget-icon\" data-id=\"3729f8b\" data-element_type=\"widget\" data-e-type=\"widget\" data-settings=\"{&quot;_animation&quot;:&quot;none&quot;}\" data-widget_type=\"icon.default\">\n\t\t\t\t\t\t\t<div class=\"elementor-icon-wrapper\">\n\t\t\t<a class=\"elementor-icon elementor-animation-pulse\" href=\"#press-login\">\n\t\t\t<i aria-hidden=\"true\" class=\"icon icon-enter\"><\/i>\t\t\t<\/a>\n\t\t<\/div>\n\t\t\t\t\t\t<\/div>\n\t\t\t\t\t<\/div>\n\t\t<\/div>\n\t\t\t\t\t<\/div>\n\t\t<\/section>\n\t\t\t\t\t<\/div>\n\t\t<\/div>\n\t\t\t\t\t<\/div>\n\t\t<\/section>\n\t\t\t\t<\/div>","protected":false},"excerpt":{"rendered":"<p>MEDIA ZONE Welcome to the MMT Media Zone. Press releases, hi-res photos, videos and other materials \u2013 all just one click away. Simply register, log in, and it\u2019s yours. GET IN MEDIA ZONE ENTER Want to enter? Simply register and, once approved, you\u2019ll get instant access to all available materials in the media bivouac. COMING [&hellip;]<\/p>\n","protected":false},"author":1,"featured_media":4534,"parent":0,"menu_order":0,"comment_status":"closed","ping_status":"closed","template":"elementor_header_footer","meta":{"_acf_changed":false,"footnotes":""},"class_list":["post-1412","page","type-page","status-publish","has-post-thumbnail","hentry"],"acf":[],"yoast_head":"<!-- This site is optimized with the Yoast SEO plugin v27.4 - https:\/\/yoast.com\/product\/yoast-seo-wordpress\/ -->\n<title>Media - MM Technology Racing<\/title>\n<meta name=\"description\" content=\"Press gallery, PR contacts, and access to all media resources.\" \/>\n<meta name=\"robots\" content=\"index, follow, max-snippet:-1, max-image-preview:large, max-video-preview:-1\" \/>\n<link rel=\"canonical\" href=\"https:\/\/mmtechnology.racing\/cs\/media\/\" \/>\n<meta property=\"og:locale\" content=\"cs_CZ\" \/>\n<meta property=\"og:type\" content=\"article\" \/>\n<meta property=\"og:title\" content=\"Media - MM Technology Racing\" \/>\n<meta property=\"og:description\" content=\"Press gallery, PR contacts, and access to all media resources.\" \/>\n<meta property=\"og:url\" content=\"https:\/\/mmtechnology.racing\/cs\/media\/\" \/>\n<meta property=\"og:site_name\" content=\"MM Technology Racing\" \/>\n<meta property=\"article:modified_time\" content=\"2026-04-09T11:56:12+00:00\" \/>\n<meta property=\"og:image\" content=\"http:\/\/mmtechnology.racing\/wp-content\/uploads\/2025\/12\/WhatsApp-Image-2025-10-08-at-10.17.54.jpeg\" \/>\n\t<meta property=\"og:image:width\" content=\"1000\" \/>\n\t<meta property=\"og:image:height\" content=\"667\" \/>\n\t<meta property=\"og:image:type\" content=\"image\/jpeg\" \/>\n<meta name=\"twitter:card\" content=\"summary_large_image\" \/>\n<meta name=\"twitter:label1\" content=\"Odhadovan\u00e1 doba \u010dten\u00ed\" \/>\n\t<meta name=\"twitter:data1\" content=\"1 minuta\" \/>\n<script type=\"application\/ld+json\" class=\"yoast-schema-graph\">{\"@context\":\"https:\\\/\\\/schema.org\",\"@graph\":[{\"@type\":\"WebPage\",\"@id\":\"https:\\\/\\\/mmtechnology.racing\\\/media\\\/\",\"url\":\"https:\\\/\\\/mmtechnology.racing\\\/media\\\/\",\"name\":\"Media - MM Technology Racing\",\"isPartOf\":{\"@id\":\"https:\\\/\\\/mmtechnology.racing\\\/#website\"},\"primaryImageOfPage\":{\"@id\":\"https:\\\/\\\/mmtechnology.racing\\\/media\\\/#primaryimage\"},\"image\":{\"@id\":\"https:\\\/\\\/mmtechnology.racing\\\/media\\\/#primaryimage\"},\"thumbnailUrl\":\"https:\\\/\\\/mmtechnology.racing\\\/wp-content\\\/uploads\\\/2025\\\/12\\\/WhatsApp-Image-2025-10-08-at-10.17.54.jpeg\",\"datePublished\":\"2025-11-26T12:27:00+00:00\",\"dateModified\":\"2026-04-09T11:56:12+00:00\",\"description\":\"Press gallery, PR contacts, and access to all media resources.\",\"breadcrumb\":{\"@id\":\"https:\\\/\\\/mmtechnology.racing\\\/media\\\/#breadcrumb\"},\"inLanguage\":\"cs\",\"potentialAction\":[{\"@type\":\"ReadAction\",\"target\":[\"https:\\\/\\\/mmtechnology.racing\\\/media\\\/\"]}]},{\"@type\":\"ImageObject\",\"inLanguage\":\"cs\",\"@id\":\"https:\\\/\\\/mmtechnology.racing\\\/media\\\/#primaryimage\",\"url\":\"https:\\\/\\\/mmtechnology.racing\\\/wp-content\\\/uploads\\\/2025\\\/12\\\/WhatsApp-Image-2025-10-08-at-10.17.54.jpeg\",\"contentUrl\":\"https:\\\/\\\/mmtechnology.racing\\\/wp-content\\\/uploads\\\/2025\\\/12\\\/WhatsApp-Image-2025-10-08-at-10.17.54.jpeg\",\"width\":1000,\"height\":667},{\"@type\":\"BreadcrumbList\",\"@id\":\"https:\\\/\\\/mmtechnology.racing\\\/media\\\/#breadcrumb\",\"itemListElement\":[{\"@type\":\"ListItem\",\"position\":1,\"name\":\"Home\",\"item\":\"https:\\\/\\\/mmtechnology.racing\\\/\"},{\"@type\":\"ListItem\",\"position\":2,\"name\":\"Media\"}]},{\"@type\":\"WebSite\",\"@id\":\"https:\\\/\\\/mmtechnology.racing\\\/#website\",\"url\":\"https:\\\/\\\/mmtechnology.racing\\\/\",\"name\":\"MM Technology Racing\",\"description\":\"\",\"potentialAction\":[{\"@type\":\"SearchAction\",\"target\":{\"@type\":\"EntryPoint\",\"urlTemplate\":\"https:\\\/\\\/mmtechnology.racing\\\/?s={search_term_string}\"},\"query-input\":{\"@type\":\"PropertyValueSpecification\",\"valueRequired\":true,\"valueName\":\"search_term_string\"}}],\"inLanguage\":\"cs\"}]}<\/script>\n<!-- \/ Yoast SEO plugin. -->","yoast_head_json":{"title":"Media - MM Technology Racing","description":"Press gallery, PR contacts, and access to all media resources.","robots":{"index":"index","follow":"follow","max-snippet":"max-snippet:-1","max-image-preview":"max-image-preview:large","max-video-preview":"max-video-preview:-1"},"canonical":"https:\/\/mmtechnology.racing\/cs\/media\/","og_locale":"cs_CZ","og_type":"article","og_title":"Media - MM Technology Racing","og_description":"Press gallery, PR contacts, and access to all media resources.","og_url":"https:\/\/mmtechnology.racing\/cs\/media\/","og_site_name":"MM Technology Racing","article_modified_time":"2026-04-09T11:56:12+00:00","og_image":[{"width":1000,"height":667,"url":"http:\/\/mmtechnology.racing\/wp-content\/uploads\/2025\/12\/WhatsApp-Image-2025-10-08-at-10.17.54.jpeg","type":"image\/jpeg"}],"twitter_card":"summary_large_image","twitter_misc":{"Odhadovan\u00e1 doba \u010dten\u00ed":"1 minuta"},"schema":{"@context":"https:\/\/schema.org","@graph":[{"@type":"WebPage","@id":"https:\/\/mmtechnology.racing\/media\/","url":"https:\/\/mmtechnology.racing\/media\/","name":"Media - MM Technology Racing","isPartOf":{"@id":"https:\/\/mmtechnology.racing\/#website"},"primaryImageOfPage":{"@id":"https:\/\/mmtechnology.racing\/media\/#primaryimage"},"image":{"@id":"https:\/\/mmtechnology.racing\/media\/#primaryimage"},"thumbnailUrl":"https:\/\/mmtechnology.racing\/wp-content\/uploads\/2025\/12\/WhatsApp-Image-2025-10-08-at-10.17.54.jpeg","datePublished":"2025-11-26T12:27:00+00:00","dateModified":"2026-04-09T11:56:12+00:00","description":"Press gallery, PR contacts, and access to all media resources.","breadcrumb":{"@id":"https:\/\/mmtechnology.racing\/media\/#breadcrumb"},"inLanguage":"cs","potentialAction":[{"@type":"ReadAction","target":["https:\/\/mmtechnology.racing\/media\/"]}]},{"@type":"ImageObject","inLanguage":"cs","@id":"https:\/\/mmtechnology.racing\/media\/#primaryimage","url":"https:\/\/mmtechnology.racing\/wp-content\/uploads\/2025\/12\/WhatsApp-Image-2025-10-08-at-10.17.54.jpeg","contentUrl":"https:\/\/mmtechnology.racing\/wp-content\/uploads\/2025\/12\/WhatsApp-Image-2025-10-08-at-10.17.54.jpeg","width":1000,"height":667},{"@type":"BreadcrumbList","@id":"https:\/\/mmtechnology.racing\/media\/#breadcrumb","itemListElement":[{"@type":"ListItem","position":1,"name":"Home","item":"https:\/\/mmtechnology.racing\/"},{"@type":"ListItem","position":2,"name":"Media"}]},{"@type":"WebSite","@id":"https:\/\/mmtechnology.racing\/#website","url":"https:\/\/mmtechnology.racing\/","name":"MM Technology Racing","description":"","potentialAction":[{"@type":"SearchAction","target":{"@type":"EntryPoint","urlTemplate":"https:\/\/mmtechnology.racing\/?s={search_term_string}"},"query-input":{"@type":"PropertyValueSpecification","valueRequired":true,"valueName":"search_term_string"}}],"inLanguage":"cs"}]}},"_links":{"self":[{"href":"https:\/\/mmtechnology.racing\/cs\/wp-json\/wp\/v2\/pages\/1412","targetHints":{"allow":["GET"]}}],"collection":[{"href":"https:\/\/mmtechnology.racing\/cs\/wp-json\/wp\/v2\/pages"}],"about":[{"href":"https:\/\/mmtechnology.racing\/cs\/wp-json\/wp\/v2\/types\/page"}],"author":[{"embeddable":true,"href":"https:\/\/mmtechnology.racing\/cs\/wp-json\/wp\/v2\/users\/1"}],"replies":[{"embeddable":true,"href":"https:\/\/mmtechnology.racing\/cs\/wp-json\/wp\/v2\/comments?post=1412"}],"version-history":[{"count":200,"href":"https:\/\/mmtechnology.racing\/cs\/wp-json\/wp\/v2\/pages\/1412\/revisions"}],"predecessor-version":[{"id":9785,"href":"https:\/\/mmtechnology.racing\/cs\/wp-json\/wp\/v2\/pages\/1412\/revisions\/9785"}],"wp:featuredmedia":[{"embeddable":true,"href":"https:\/\/mmtechnology.racing\/cs\/wp-json\/wp\/v2\/media\/4534"}],"wp:attachment":[{"href":"https:\/\/mmtechnology.racing\/cs\/wp-json\/wp\/v2\/media?parent=1412"}],"curies":[{"name":"wp","href":"https:\/\/api.w.org\/{rel}","templated":true}]}}