{"id":4191,"date":"2025-12-11T13:00:09","date_gmt":"2025-12-11T12:00:09","guid":{"rendered":"https:\/\/mmtechnology.racing\/?page_id=4191"},"modified":"2026-02-16T14:33:24","modified_gmt":"2026-02-16T13:33:24","slug":"gdpr","status":"publish","type":"page","link":"https:\/\/mmtechnology.racing\/cs\/gdpr\/","title":{"rendered":"GDPR"},"content":{"rendered":"<div data-elementor-type=\"wp-page\" data-elementor-id=\"4191\" class=\"elementor elementor-4191\" data-elementor-post-type=\"page\">\n\t\t\t\t\t\t<section class=\"elementor-section elementor-top-section elementor-element elementor-element-70d348ac elementor-section-boxed elementor-section-height-default elementor-section-height-default\" data-id=\"70d348ac\" data-element_type=\"section\" data-e-type=\"section\" id=\"gdpr-info\" data-settings=\"{&quot;background_background&quot;:&quot;classic&quot;}\">\n\t\t\t\t\t\t<div class=\"elementor-container elementor-column-gap-default\">\n\t\t\t\t\t<div class=\"elementor-column elementor-col-100 elementor-top-column elementor-element elementor-element-7563fd24\" data-id=\"7563fd24\" data-element_type=\"column\" data-e-type=\"column\">\n\t\t\t<div class=\"elementor-widget-wrap elementor-element-populated\">\n\t\t\t\t\t\t<div class=\"elementor-element elementor-element-2a756d99 elementor-widget elementor-widget-heading\" data-id=\"2a756d99\" data-element_type=\"widget\" data-e-type=\"widget\" data-widget_type=\"heading.default\">\n\t\t\t\t\t<h6 class=\"elementor-heading-title elementor-size-default\">GDPR<\/h6>\t\t\t\t<\/div>\n\t\t\t\t<div class=\"elementor-element elementor-element-d377654 premium-header-inline premium-lq__none premium-box-lq__none elementor-widget elementor-widget-premium-addon-dual-header\" data-id=\"d377654\" data-element_type=\"widget\" data-e-type=\"widget\" data-widget_type=\"premium-addon-dual-header.default\">\n\t\t\t\t\t\n\t\t<div class=\"elementor-widget-container\">\n\t\t\t\t\t<h2 class=\"premium-dual-header-first-header\"><span class=\"premium-dual-header-first-span\">OCHRANA <\/span><span class=\"premium-dual-header-second-header\">\u00daDAJ\u016e<\/span><\/h2> \t\t\t\t<\/div>\n\n\t\t\t\t\t\t<\/div>\n\t\t\t\t\t<\/div>\n\t\t<\/div>\n\t\t\t\t\t<\/div>\n\t\t<\/section>\n\t\t<div class=\"elementor-element elementor-element-b07a554 e-flex e-con-boxed e-con e-parent\" data-id=\"b07a554\" data-element_type=\"container\" data-e-type=\"container\" data-settings=\"{&quot;background_background&quot;:&quot;classic&quot;}\">\n\t\t\t\t\t<div class=\"e-con-inner\">\n\t\t<div class=\"elementor-element elementor-element-4e9a80f e-con-full e-flex e-con e-child\" data-id=\"4e9a80f\" data-element_type=\"container\" data-e-type=\"container\">\n\t\t\t\t<div class=\"elementor-element elementor-element-7e364ee elementor-widget elementor-widget-text-editor\" data-id=\"7e364ee\" data-element_type=\"widget\" data-e-type=\"widget\" data-widget_type=\"text-editor.default\">\n\t\t\t\t\t\t\t\t\t<div><h3 class=\"fusion-responsive-typography-calculated\" data-fontsize=\"20\" data-lineheight=\"29px\">\u00davod<\/h3><p>Va\u0161e soukrom\u00ed je pro n\u00e1s d\u016fle\u017eit\u00e9. Tyto z\u00e1sady vysv\u011btluj\u00ed, jak spole\u010dnost KM Racing s.r.o. zpracov\u00e1v\u00e1 osobn\u00ed \u00fadaje n\u00e1v\u0161t\u011bvn\u00edk\u016f webov\u00fdch str\u00e1nek a  v souladu s na\u0159\u00edzen\u00edm Evropsk\u00e9ho parlamentu a Rady (EU) 2016\/679 (GDPR). Transparentn\u011b informujeme, jak\u00e9 \u00fadaje shroma\u017e\u010fujeme, pro\u010d je zpracov\u00e1v\u00e1me a jak\u00e1 m\u00e1te pr\u00e1va.<\/p><h3 class=\"fusion-responsive-typography-calculated\" data-fontsize=\"20\" data-lineheight=\"29px\">Spr\u00e1vce osobn\u00edch \u00fadaj\u016f<\/h3><p>Spr\u00e1vcem osobn\u00edch \u00fadaj\u016f je spole\u010dnost KM Racing s.r.o., I\u010cO: 27630277, se s\u00eddlem U \u0160alamounky 769\/41, Ko\u0161\u00ed\u0159e, 158 00 Praha. Pokud m\u00e1te jak\u00e9koli dotazy, m\u016f\u017eete n\u00e1s kontaktovat e-mailem na adrese: enquiries@mmtechnology.eu.<\/p><h3 class=\"fusion-responsive-typography-calculated\" data-fontsize=\"20\" data-lineheight=\"29px\">Jak\u00e9 osobn\u00ed \u00fadaje zpracov\u00e1v\u00e1me<\/h3><p>Zpracov\u00e1v\u00e1me pouze \u00fadaje, kter\u00e9 n\u00e1m sami poskytnete nebo kter\u00e9 vzniknou p\u0159i pou\u017e\u00edv\u00e1n\u00ed na\u0161ich slu\u017eeb. Jedn\u00e1 se nap\u0159\u00edklad o jm\u00e9no a p\u0159\u00edjmen\u00ed, e-mailovou adresu, telefonn\u00ed \u010d\u00edslo, IP adresu, informace o chov\u00e1n\u00ed na webu, \u00fadaje z cookies nebo obsah zpr\u00e1v zaslan\u00fdch p\u0159es kontaktn\u00ed formul\u00e1\u0159.<\/p><h3 class=\"fusion-responsive-typography-calculated\" data-fontsize=\"20\" data-lineheight=\"29px\">\u00da\u010del zpracov\u00e1n\u00ed \u00fadaj\u016f<\/h3><p>Va\u0161e \u00fadaje vyu\u017e\u00edv\u00e1me zejm\u00e9na pro odpov\u00edd\u00e1n\u00ed na va\u0161e dotazy, poskytov\u00e1n\u00ed slu\u017eeb, uzav\u00edr\u00e1n\u00ed a pln\u011bn\u00ed smluv, zaji\u0161t\u011bn\u00ed bezpe\u010dnosti a provozu webu, m\u011b\u0159en\u00ed n\u00e1v\u0161t\u011bvnosti (nap\u0159. pomoc\u00ed Google Analytics) a pro zobrazov\u00e1n\u00ed relevantn\u00ed reklamy (nap\u0159. pomoc\u00ed Google Ads nebo Meta Pixelu).<\/p><h3 class=\"fusion-responsive-typography-calculated\" data-fontsize=\"20\" data-lineheight=\"29px\">Pr\u00e1vn\u00ed z\u00e1klad zpracov\u00e1n\u00ed<\/h3><p>Va\u0161e \u00fadaje zpracov\u00e1v\u00e1me v souladu s platnou legislativou na z\u00e1klad\u011b n\u011bkolika pr\u00e1vn\u00edch d\u016fvod\u016f:<br \/>\u2022 Souhlasu, kter\u00fd ud\u011blujete nap\u0159\u00edklad prost\u0159ednictv\u00edm cookie li\u0161ty.<br \/>\u2022 Pln\u011bn\u00ed smlouvy, pokud jste na\u0161\u00edm m.<br \/>\u2022 Opr\u00e1vn\u011bn\u00e9ho z\u00e1jmu, nap\u0159. p\u0159i m\u011b\u0159en\u00ed n\u00e1v\u0161t\u011bvnosti webu nebo ochran\u011b proti zneu\u017eit\u00ed slu\u017eeb.<br \/>\u2022 Z\u00e1konn\u00e9 povinnosti, nap\u0159. p\u0159i archivaci \u00fa\u010detn\u00edch doklad\u016f.<\/p><h3 class=\"fusion-responsive-typography-calculated\" data-fontsize=\"20\" data-lineheight=\"29px\">Sd\u00edlen\u00ed a p\u0159ed\u00e1v\u00e1n\u00ed \u00fadaj\u016f t\u0159et\u00edm stran\u00e1m<\/h3><p>Va\u0161e osobn\u00ed \u00fadaje mohou b\u00fdt zp\u0159\u00edstupn\u011bny d\u016fv\u011bryhodn\u00fdm partner\u016fm, kte\u0159\u00ed n\u00e1m pom\u00e1haj\u00ed zaji\u0161\u0165ovat na\u0161e slu\u017eby \u2013 typicky jde o poskytovatele webhostingu, n\u00e1stroje pro anal\u00fdzu n\u00e1v\u0161t\u011bvnosti (nap\u0159. Google), nebo poskytovatele reklamn\u00edch slu\u017eeb (nap\u0159. Meta). V\u0161ichni tito zpracovatel\u00e9 jsou smluvn\u011b v\u00e1z\u00e1ni dodr\u017eovat ochranu osobn\u00edch \u00fadaj\u016f.<\/p><h3 class=\"fusion-responsive-typography-calculated\" data-fontsize=\"20\" data-lineheight=\"29px\">Doba uchov\u00e1n\u00ed \u00fadaj\u016f<\/h3><p>Va\u0161e osobn\u00ed \u00fadaje uchov\u00e1v\u00e1me pouze po dobu nezbytnou k napln\u011bn\u00ed \u00fa\u010delu zpracov\u00e1n\u00ed. V\u011bt\u0161inou nejd\u00e9le 5 let od posledn\u00edho kontaktu. \u00dadaje z\u00edskan\u00e9 prost\u0159ednictv\u00edm cookies jsou uchov\u00e1v\u00e1ny dle jejich platnosti \u2013 viz informace na str\u00e1nce Z\u00e1sady pou\u017eit\u00ed cookies.<\/p><h3 class=\"fusion-responsive-typography-calculated\" data-fontsize=\"20\" data-lineheight=\"29px\">Va\u0161e pr\u00e1va<\/h3><p>M\u00e1te pr\u00e1vo kdykoli po\u017e\u00e1dat o p\u0159\u00edstup k va\u0161im osobn\u00edm \u00fadaj\u016fm, jejich opravu \u010di v\u00fdmaz. D\u00e1le m\u016f\u017eete po\u017e\u00e1dat o omezen\u00ed zpracov\u00e1n\u00ed, vzn\u00e9st n\u00e1mitku, nebo po\u017e\u00e1dat o p\u0159enositelnost \u00fadaj\u016f. Souhlas se zpracov\u00e1n\u00edm m\u016f\u017eete kdykoliv odvolat. Pokud se domn\u00edv\u00e1te, \u017ee s va\u0161imi \u00fadaji nakl\u00e1d\u00e1me v rozporu se z\u00e1konem, m\u016f\u017eete podat st\u00ed\u017enost k \u00da\u0159adu pro ochranu osobn\u00edch \u00fadaj\u016f (www.uoou.cz).<\/p><h3 class=\"fusion-responsive-typography-calculated\" data-fontsize=\"20\" data-lineheight=\"29px\">Zabezpe\u010den\u00ed va\u0161ich \u00fadaj\u016f<\/h3><p>Va\u0161e \u00fadaje chr\u00e1n\u00edme pomoc\u00ed vhodn\u00fdch technick\u00fdch a organiza\u010dn\u00edch opat\u0159en\u00ed. Komunikace s na\u0161\u00edm webem je zabezpe\u010dena \u0161ifrov\u00e1n\u00edm (HTTPS). P\u0159\u00edstupy k syst\u00e9m\u016fm jsou chr\u00e1n\u011bny hesly a p\u0159\u00edstup m\u00e1 jen opr\u00e1vn\u011bn\u00fd person\u00e1l. Pravideln\u011b prov\u00e1d\u00edme aktualizace a kontroly zabezpe\u010den\u00ed.<\/p><h3 class=\"fusion-responsive-typography-calculated\" data-fontsize=\"20\" data-lineheight=\"29px\">Kontakt<\/h3><p>Pokud m\u00e1te jak\u00e9koli dotazy nebo po\u017eadavky t\u00fdkaj\u00edc\u00ed se ochrany osobn\u00edch \u00fadaj\u016f, m\u016f\u017eete n\u00e1s kontaktovat e-mailem: enquiries@mmtechnology.eu.<\/p><\/div>\t\t\t\t\t\t\t\t<\/div>\n\t\t\t\t<\/div>\n\t\t\t\t\t<\/div>\n\t\t\t\t<\/div>\n\t\t\t\t<section class=\"elementor-section elementor-top-section elementor-element elementor-element-3b7fc280 elementor-section-boxed elementor-section-height-default elementor-section-height-default\" data-id=\"3b7fc280\" data-element_type=\"section\" data-e-type=\"section\" data-settings=\"{&quot;background_background&quot;:&quot;classic&quot;}\">\n\t\t\t\t\t\t<div class=\"elementor-container elementor-column-gap-no\">\n\t\t\t\t\t<div class=\"elementor-column elementor-col-100 elementor-top-column elementor-element elementor-element-c9324cc\" data-id=\"c9324cc\" data-element_type=\"column\" data-e-type=\"column\">\n\t\t\t<div class=\"elementor-widget-wrap elementor-element-populated\">\n\t\t\t\t\t\t<div class=\"elementor-element elementor-element-87505ab elementor-widget elementor-widget-heading\" data-id=\"87505ab\" data-element_type=\"widget\" data-e-type=\"widget\" data-widget_type=\"heading.default\">\n\t\t\t\t\t<h2 class=\"elementor-heading-title elementor-size-default\">GDPR<\/h2>\t\t\t\t<\/div>\n\t\t\t\t\t<\/div>\n\t\t<\/div>\n\t\t\t\t\t<\/div>\n\t\t<\/section>\n\t\t\t\t<section class=\"elementor-section elementor-top-section elementor-element elementor-element-1968df92 elementor-section-full_width elementor-section-height-default elementor-section-height-default\" data-id=\"1968df92\" data-element_type=\"section\" data-e-type=\"section\" data-settings=\"{&quot;background_background&quot;:&quot;classic&quot;}\">\n\t\t\t\t\t\t<div class=\"elementor-container elementor-column-gap-no\">\n\t\t\t\t\t<div class=\"elementor-column elementor-col-100 elementor-top-column elementor-element elementor-element-741cef1e\" data-id=\"741cef1e\" data-element_type=\"column\" data-e-type=\"column\">\n\t\t\t<div class=\"elementor-widget-wrap elementor-element-populated\">\n\t\t\t\t\t\t\t<\/div>\n\t\t<\/div>\n\t\t\t\t\t<\/div>\n\t\t<\/section>\n\t\t\t\t<\/div>","protected":false},"excerpt":{"rendered":"<p>GDPR PRIVACY POLICY Introduction Your privacy is important to us. This policy explains how KM Racing s.r.o. processes personal data of website visitors and clients in accordance with Regulation (EU) 2016\/679 of the European Parliament and of the Council (GDPR). We provide transparent information about what data we collect, why we process it and what [&hellip;]<\/p>\n","protected":false},"author":1,"featured_media":8293,"parent":0,"menu_order":0,"comment_status":"closed","ping_status":"closed","template":"elementor_header_footer","meta":{"_acf_changed":false,"footnotes":""},"class_list":["post-4191","page","type-page","status-publish","has-post-thumbnail","hentry"],"acf":[],"yoast_head":"<!-- This site is optimized with the Yoast SEO plugin v27.4 - https:\/\/yoast.com\/product\/yoast-seo-wordpress\/ -->\n<title>GDPR - MM Technology Racing<\/title>\n<meta name=\"description\" content=\"Get in touch \u2013 for media, partners, and fans. Links to OTS and our manufacturing site.\" \/>\n<meta name=\"robots\" content=\"index, follow, max-snippet:-1, max-image-preview:large, max-video-preview:-1\" \/>\n<link rel=\"canonical\" href=\"https:\/\/mmtechnology.racing\/cs\/gdpr\/\" \/>\n<meta property=\"og:locale\" content=\"cs_CZ\" \/>\n<meta property=\"og:type\" content=\"article\" \/>\n<meta property=\"og:title\" content=\"GDPR - MM Technology Racing\" \/>\n<meta property=\"og:description\" content=\"Get in touch \u2013 for media, partners, and fans. Links to OTS and our manufacturing site.\" \/>\n<meta property=\"og:url\" content=\"https:\/\/mmtechnology.racing\/cs\/gdpr\/\" \/>\n<meta property=\"og:site_name\" content=\"MM Technology Racing\" \/>\n<meta property=\"article:modified_time\" content=\"2026-02-16T13:33:24+00:00\" \/>\n<meta property=\"og:image\" content=\"http:\/\/mmtechnology.racing\/wp-content\/uploads\/2026\/01\/LR-260111161045-MMPHOTO1.jpg\" \/>\n\t<meta property=\"og:image:width\" content=\"2500\" \/>\n\t<meta property=\"og:image:height\" content=\"1667\" \/>\n\t<meta property=\"og:image:type\" content=\"image\/jpeg\" \/>\n<meta name=\"twitter:card\" content=\"summary_large_image\" \/>\n<meta name=\"twitter:label1\" content=\"Odhadovan\u00e1 doba \u010dten\u00ed\" \/>\n\t<meta name=\"twitter:data1\" content=\"1 minuta\" \/>\n<script type=\"application\/ld+json\" class=\"yoast-schema-graph\">{\"@context\":\"https:\\\/\\\/schema.org\",\"@graph\":[{\"@type\":\"WebPage\",\"@id\":\"https:\\\/\\\/mmtechnology.racing\\\/gdpr\\\/\",\"url\":\"https:\\\/\\\/mmtechnology.racing\\\/gdpr\\\/\",\"name\":\"GDPR - MM Technology Racing\",\"isPartOf\":{\"@id\":\"https:\\\/\\\/mmtechnology.racing\\\/#website\"},\"primaryImageOfPage\":{\"@id\":\"https:\\\/\\\/mmtechnology.racing\\\/gdpr\\\/#primaryimage\"},\"image\":{\"@id\":\"https:\\\/\\\/mmtechnology.racing\\\/gdpr\\\/#primaryimage\"},\"thumbnailUrl\":\"https:\\\/\\\/mmtechnology.racing\\\/wp-content\\\/uploads\\\/2026\\\/01\\\/LR-260111161045-MMPHOTO1.jpg\",\"datePublished\":\"2025-12-11T12:00:09+00:00\",\"dateModified\":\"2026-02-16T13:33:24+00:00\",\"description\":\"Get in touch \u2013 for media, partners, and fans. Links to OTS and our manufacturing site.\",\"breadcrumb\":{\"@id\":\"https:\\\/\\\/mmtechnology.racing\\\/gdpr\\\/#breadcrumb\"},\"inLanguage\":\"cs\",\"potentialAction\":[{\"@type\":\"ReadAction\",\"target\":[\"https:\\\/\\\/mmtechnology.racing\\\/gdpr\\\/\"]}]},{\"@type\":\"ImageObject\",\"inLanguage\":\"cs\",\"@id\":\"https:\\\/\\\/mmtechnology.racing\\\/gdpr\\\/#primaryimage\",\"url\":\"https:\\\/\\\/mmtechnology.racing\\\/wp-content\\\/uploads\\\/2026\\\/01\\\/LR-260111161045-MMPHOTO1.jpg\",\"contentUrl\":\"https:\\\/\\\/mmtechnology.racing\\\/wp-content\\\/uploads\\\/2026\\\/01\\\/LR-260111161045-MMPHOTO1.jpg\",\"width\":2500,\"height\":1667,\"caption\":\"MM Technology - Dakar 2026\"},{\"@type\":\"BreadcrumbList\",\"@id\":\"https:\\\/\\\/mmtechnology.racing\\\/gdpr\\\/#breadcrumb\",\"itemListElement\":[{\"@type\":\"ListItem\",\"position\":1,\"name\":\"Home\",\"item\":\"https:\\\/\\\/mmtechnology.racing\\\/\"},{\"@type\":\"ListItem\",\"position\":2,\"name\":\"GDPR\"}]},{\"@type\":\"WebSite\",\"@id\":\"https:\\\/\\\/mmtechnology.racing\\\/#website\",\"url\":\"https:\\\/\\\/mmtechnology.racing\\\/\",\"name\":\"MM Technology Racing\",\"description\":\"\",\"potentialAction\":[{\"@type\":\"SearchAction\",\"target\":{\"@type\":\"EntryPoint\",\"urlTemplate\":\"https:\\\/\\\/mmtechnology.racing\\\/?s={search_term_string}\"},\"query-input\":{\"@type\":\"PropertyValueSpecification\",\"valueRequired\":true,\"valueName\":\"search_term_string\"}}],\"inLanguage\":\"cs\"}]}<\/script>\n<!-- \/ Yoast SEO plugin. -->","yoast_head_json":{"title":"GDPR - MM Technology Racing","description":"Get in touch \u2013 for media, partners, and fans. Links to OTS and our manufacturing site.","robots":{"index":"index","follow":"follow","max-snippet":"max-snippet:-1","max-image-preview":"max-image-preview:large","max-video-preview":"max-video-preview:-1"},"canonical":"https:\/\/mmtechnology.racing\/cs\/gdpr\/","og_locale":"cs_CZ","og_type":"article","og_title":"GDPR - MM Technology Racing","og_description":"Get in touch \u2013 for media, partners, and fans. Links to OTS and our manufacturing site.","og_url":"https:\/\/mmtechnology.racing\/cs\/gdpr\/","og_site_name":"MM Technology Racing","article_modified_time":"2026-02-16T13:33:24+00:00","og_image":[{"width":2500,"height":1667,"url":"http:\/\/mmtechnology.racing\/wp-content\/uploads\/2026\/01\/LR-260111161045-MMPHOTO1.jpg","type":"image\/jpeg"}],"twitter_card":"summary_large_image","twitter_misc":{"Odhadovan\u00e1 doba \u010dten\u00ed":"1 minuta"},"schema":{"@context":"https:\/\/schema.org","@graph":[{"@type":"WebPage","@id":"https:\/\/mmtechnology.racing\/gdpr\/","url":"https:\/\/mmtechnology.racing\/gdpr\/","name":"GDPR - MM Technology Racing","isPartOf":{"@id":"https:\/\/mmtechnology.racing\/#website"},"primaryImageOfPage":{"@id":"https:\/\/mmtechnology.racing\/gdpr\/#primaryimage"},"image":{"@id":"https:\/\/mmtechnology.racing\/gdpr\/#primaryimage"},"thumbnailUrl":"https:\/\/mmtechnology.racing\/wp-content\/uploads\/2026\/01\/LR-260111161045-MMPHOTO1.jpg","datePublished":"2025-12-11T12:00:09+00:00","dateModified":"2026-02-16T13:33:24+00:00","description":"Get in touch \u2013 for media, partners, and fans. Links to OTS and our manufacturing site.","breadcrumb":{"@id":"https:\/\/mmtechnology.racing\/gdpr\/#breadcrumb"},"inLanguage":"cs","potentialAction":[{"@type":"ReadAction","target":["https:\/\/mmtechnology.racing\/gdpr\/"]}]},{"@type":"ImageObject","inLanguage":"cs","@id":"https:\/\/mmtechnology.racing\/gdpr\/#primaryimage","url":"https:\/\/mmtechnology.racing\/wp-content\/uploads\/2026\/01\/LR-260111161045-MMPHOTO1.jpg","contentUrl":"https:\/\/mmtechnology.racing\/wp-content\/uploads\/2026\/01\/LR-260111161045-MMPHOTO1.jpg","width":2500,"height":1667,"caption":"MM Technology - Dakar 2026"},{"@type":"BreadcrumbList","@id":"https:\/\/mmtechnology.racing\/gdpr\/#breadcrumb","itemListElement":[{"@type":"ListItem","position":1,"name":"Home","item":"https:\/\/mmtechnology.racing\/"},{"@type":"ListItem","position":2,"name":"GDPR"}]},{"@type":"WebSite","@id":"https:\/\/mmtechnology.racing\/#website","url":"https:\/\/mmtechnology.racing\/","name":"MM Technology Racing","description":"","potentialAction":[{"@type":"SearchAction","target":{"@type":"EntryPoint","urlTemplate":"https:\/\/mmtechnology.racing\/?s={search_term_string}"},"query-input":{"@type":"PropertyValueSpecification","valueRequired":true,"valueName":"search_term_string"}}],"inLanguage":"cs"}]}},"_links":{"self":[{"href":"https:\/\/mmtechnology.racing\/cs\/wp-json\/wp\/v2\/pages\/4191","targetHints":{"allow":["GET"]}}],"collection":[{"href":"https:\/\/mmtechnology.racing\/cs\/wp-json\/wp\/v2\/pages"}],"about":[{"href":"https:\/\/mmtechnology.racing\/cs\/wp-json\/wp\/v2\/types\/page"}],"author":[{"embeddable":true,"href":"https:\/\/mmtechnology.racing\/cs\/wp-json\/wp\/v2\/users\/1"}],"replies":[{"embeddable":true,"href":"https:\/\/mmtechnology.racing\/cs\/wp-json\/wp\/v2\/comments?post=4191"}],"version-history":[{"count":37,"href":"https:\/\/mmtechnology.racing\/cs\/wp-json\/wp\/v2\/pages\/4191\/revisions"}],"predecessor-version":[{"id":8839,"href":"https:\/\/mmtechnology.racing\/cs\/wp-json\/wp\/v2\/pages\/4191\/revisions\/8839"}],"wp:featuredmedia":[{"embeddable":true,"href":"https:\/\/mmtechnology.racing\/cs\/wp-json\/wp\/v2\/media\/8293"}],"wp:attachment":[{"href":"https:\/\/mmtechnology.racing\/cs\/wp-json\/wp\/v2\/media?parent=4191"}],"curies":[{"name":"wp","href":"https:\/\/api.w.org\/{rel}","templated":true}]}}