{"id":4208,"date":"2025-12-11T13:04:56","date_gmt":"2025-12-11T12:04:56","guid":{"rendered":"https:\/\/mmtechnology.racing\/?page_id=4208"},"modified":"2026-02-16T14:33:54","modified_gmt":"2026-02-16T13:33:54","slug":"cookies","status":"publish","type":"page","link":"https:\/\/mmtechnology.racing\/cs\/cookies\/","title":{"rendered":"Cookies"},"content":{"rendered":"<div data-elementor-type=\"wp-page\" data-elementor-id=\"4208\" class=\"elementor elementor-4208\" data-elementor-post-type=\"page\">\n\t\t\t\t\t\t<section class=\"elementor-section elementor-top-section elementor-element elementor-element-70d348ac elementor-section-boxed elementor-section-height-default elementor-section-height-default\" data-id=\"70d348ac\" data-element_type=\"section\" data-e-type=\"section\" id=\"gdpr-info\" data-settings=\"{&quot;background_background&quot;:&quot;classic&quot;}\">\n\t\t\t\t\t\t<div class=\"elementor-container elementor-column-gap-default\">\n\t\t\t\t\t<div class=\"elementor-column elementor-col-100 elementor-top-column elementor-element elementor-element-7563fd24\" data-id=\"7563fd24\" data-element_type=\"column\" data-e-type=\"column\">\n\t\t\t<div class=\"elementor-widget-wrap elementor-element-populated\">\n\t\t\t\t\t\t<div class=\"elementor-element elementor-element-2a756d99 elementor-widget elementor-widget-heading\" data-id=\"2a756d99\" data-element_type=\"widget\" data-e-type=\"widget\" data-widget_type=\"heading.default\">\n\t\t\t\t\t<h6 class=\"elementor-heading-title elementor-size-default\">COOKIES<\/h6>\t\t\t\t<\/div>\n\t\t\t\t<div class=\"elementor-element elementor-element-d377654 premium-header-inline premium-lq__none premium-box-lq__none elementor-widget elementor-widget-premium-addon-dual-header\" data-id=\"d377654\" data-element_type=\"widget\" data-e-type=\"widget\" data-widget_type=\"premium-addon-dual-header.default\">\n\t\t\t\t\t\n\t\t<div class=\"elementor-widget-container\">\n\t\t\t\t\t<h2 class=\"premium-dual-header-first-header\"><span class=\"premium-dual-header-first-span\">COOKIES <\/span><span class=\"premium-dual-header-second-header\">Z\u00c1SADY<\/span><\/h2> \t\t\t\t<\/div>\n\n\t\t\t\t\t\t<\/div>\n\t\t\t\t\t<\/div>\n\t\t<\/div>\n\t\t\t\t\t<\/div>\n\t\t<\/section>\n\t\t<div class=\"elementor-element elementor-element-b07a554 e-flex e-con-boxed e-con e-parent\" data-id=\"b07a554\" data-element_type=\"container\" data-e-type=\"container\" data-settings=\"{&quot;background_background&quot;:&quot;classic&quot;}\">\n\t\t\t\t\t<div class=\"e-con-inner\">\n\t\t<div class=\"elementor-element elementor-element-4e9a80f e-con-full e-flex e-con e-child\" data-id=\"4e9a80f\" data-element_type=\"container\" data-e-type=\"container\">\n\t\t\t\t<div class=\"elementor-element elementor-element-7e364ee elementor-widget elementor-widget-text-editor\" data-id=\"7e364ee\" data-element_type=\"widget\" data-e-type=\"widget\" data-widget_type=\"text-editor.default\">\n\t\t\t\t\t\t\t\t\t<p>P\u0159i n\u00e1v\u0161t\u011bv\u011b a pou\u017e\u00edv\u00e1n\u00ed webov\u00fdch str\u00e1nek spole\u010dnosti KM Racing s.r.o. se ve va\u0161em za\u0159\u00edzen\u00ed aktivuj\u00ed cookies nebo jin\u00e9 technologie, jako jsou pixely (d\u00e1le spole\u010dn\u011b \u201ecookies\u201c). Cookies jsou obsahov\u011b mal\u00e9 soubory, kter\u00e9 slou\u017e\u00ed k ukl\u00e1d\u00e1n\u00ed a p\u0159ij\u00edm\u00e1n\u00ed identifik\u00e1tor\u016f a dal\u0161\u00edch informac\u00ed o po\u010d\u00edta\u010d\u00edch, telefonech a jin\u00fdch za\u0159\u00edzen\u00edch, z nich\u017e p\u0159istupujete na webov\u00e9 str\u00e1nky, a pom\u00e1haj\u00ed n\u00e1m tak poskytovat, chr\u00e1nit a zlep\u0161ovat nab\u00edzen\u00e9 slu\u017eby.<br \/>Pou\u017e\u00edv\u00e1n\u00ed cookies n\u00e1m umo\u017en\u00ed nab\u00eddnout V\u00e1m takov\u00fd obsah a slu\u017eby, kter\u00e9 nejl\u00e9pe odpov\u00eddaj\u00ed Va\u0161im pot\u0159eb\u00e1m a z\u00e1jm\u016fm. Cookies umo\u017e\u0148uj\u00ed zaznamenat informace o Va\u0161\u00ed n\u00e1v\u0161t\u011bv\u011b webov\u00fdch str\u00e1nek a d\u00edky jejich pou\u017e\u00edv\u00e1n\u00ed tak bude Va\u0161e dal\u0161\u00ed n\u00e1v\u0161t\u011bva snaz\u0161\u00ed a rychlej\u0161\u00ed.<\/p><h3 class=\"fusion-responsive-typography-calculated\" data-fontsize=\"20\" data-lineheight=\"29px\">JAK\u00c9 COOKIES POU\u017d\u00cdV\u00c1ME?<\/h3><p>Spole\u010dnost KM Racing pou\u017e\u00edv\u00e1 na sv\u00fdch webov\u00fdch str\u00e1nk\u00e1ch funk\u010dn\u00ed, z\u00e1kladn\u00ed analytick\u00e9 a marketingov\u00e9 cookies.<\/p><h3 class=\"fusion-responsive-typography-calculated\" data-fontsize=\"20\" data-lineheight=\"29px\">FUNK\u010cN\u00cd COOKIES<\/h3><p>P\u0159i n\u00e1v\u0161t\u011bv\u011b a pou\u017e\u00edv\u00e1n\u00ed na\u0161ich webov\u00fdch str\u00e1nek pouze pro informa\u010dn\u00ed \u00fa\u010dely, tj. pokud se nezaregistrujete nebo n\u00e1m neud\u011bl\u00edte souhlas, shroma\u017e\u010fujeme pouze osobn\u00ed \u00fadaje, kter\u00e9 V\u00e1\u0161 prohl\u00ed\u017ee\u010d p\u0159ed\u00e1v\u00e1 na n\u00e1\u0161 server, co\u017e je nezbytn\u00e9, abychom V\u00e1m mohli zobrazit webov\u00e9 str\u00e1nky a zaru\u010dit V\u00e1m stabilitu a bezpe\u010dnost jejich u\u017e\u00edv\u00e1n\u00ed.<\/p><h3 class=\"fusion-responsive-typography-calculated\" data-fontsize=\"20\" data-lineheight=\"29px\">Z\u00c1KLADN\u00cd ANALYTICK\u00c9 COOKIES<\/h3><p>yto cookies slou\u017e\u00ed ke zlep\u0161en\u00ed fungov\u00e1n\u00ed webov\u00fdch str\u00e1nek. Umo\u017e\u0148uj\u00ed n\u00e1m rozpoznat a zjistit po\u010det n\u00e1v\u0161t\u011bvn\u00edk\u016f a sledovat, jak n\u00e1v\u0161t\u011bvn\u00edci pou\u017e\u00edvaj\u00ed na\u0161e webov\u00e9 str\u00e1nky. Pom\u00e1haj\u00ed n\u00e1m zlep\u0161ovat zp\u016fsob, jak\u00fdm webov\u00e9 str\u00e1nky funguj\u00ed, nap\u0159\u00edklad tak, \u017ee umo\u017e\u0148uj\u00ed u\u017eivatel\u016fm snadno naj\u00edt to, co hledaj\u00ed. Tyto cookies neshroma\u017e\u010fuj\u00ed informace, kter\u00e9 by dok\u00e1zaly identifikovat Va\u0161i osobu. Pomoc\u00ed t\u011bchto n\u00e1stroj\u016f analyzujeme a pravideln\u011b zlep\u0161ujeme funkcionalitu na\u0161ich webov\u00fdch str\u00e1nek. Z\u00edskan\u00e9 statistiky m\u016f\u017eeme pou\u017e\u00edt ke zlep\u0161en\u00ed u\u017eivatelsk\u00e9ho komfortu a abychom u\u010dinili Va\u0161i n\u00e1v\u0161t\u011bvu webov\u00fdch str\u00e1nek zaj\u00edmav\u011bj\u0161\u00ed pro V\u00e1s jako u\u017eivatele.<br \/>We use these tools to analyze and regularly improve the functionality of our website. We can use the obtained statistics to improve user comfort and to make your visit to the website more interesting for you as a user.<\/p><h3 class=\"fusion-responsive-typography-calculated\" data-fontsize=\"20\" data-lineheight=\"29px\">MARKETINGOV\u00c9 COOKIES<\/h3><p>Pou\u017e\u00edvaj\u00ed se ke sledov\u00e1n\u00ed preferenc\u00ed u\u017eivatele webov\u00fdch str\u00e1nek za \u00fa\u010delem c\u00edlen\u00ed reklamy, tj. zobrazen\u00ed marketingov\u00fdch a reklamn\u00edch sd\u011blen\u00ed (i na str\u00e1nk\u00e1ch t\u0159et\u00edch stran) v souladu s t\u011bmito preferencemi.<br \/>Marketingov\u00e9 soubory cookies vyu\u017e\u00edvaj\u00ed n\u00e1stroj\u016f extern\u00edch spole\u010dnost\u00ed. Tyto marketingov\u00e9 cookies budou pou\u017eity pouze na z\u00e1klad\u011b Va\u0161eho souhlasu.<\/p>\t\t\t\t\t\t\t\t<\/div>\n\t\t\t\t<\/div>\n\t\t\t\t\t<\/div>\n\t\t\t\t<\/div>\n\t\t\t\t<section class=\"elementor-section elementor-top-section elementor-element elementor-element-3b7fc280 elementor-section-boxed elementor-section-height-default elementor-section-height-default\" data-id=\"3b7fc280\" data-element_type=\"section\" data-e-type=\"section\" data-settings=\"{&quot;background_background&quot;:&quot;classic&quot;}\">\n\t\t\t\t\t\t<div class=\"elementor-container elementor-column-gap-no\">\n\t\t\t\t\t<div class=\"elementor-column elementor-col-100 elementor-top-column elementor-element elementor-element-c9324cc\" data-id=\"c9324cc\" data-element_type=\"column\" data-e-type=\"column\">\n\t\t\t<div class=\"elementor-widget-wrap elementor-element-populated\">\n\t\t\t\t\t\t<div class=\"elementor-element elementor-element-87505ab elementor-widget elementor-widget-heading\" data-id=\"87505ab\" data-element_type=\"widget\" data-e-type=\"widget\" data-widget_type=\"heading.default\">\n\t\t\t\t\t<h2 class=\"elementor-heading-title elementor-size-default\">COOKIES<\/h2>\t\t\t\t<\/div>\n\t\t\t\t\t<\/div>\n\t\t<\/div>\n\t\t\t\t\t<\/div>\n\t\t<\/section>\n\t\t\t\t<section class=\"elementor-section elementor-top-section elementor-element elementor-element-1968df92 elementor-section-full_width elementor-section-height-default elementor-section-height-default\" data-id=\"1968df92\" data-element_type=\"section\" data-e-type=\"section\" data-settings=\"{&quot;background_background&quot;:&quot;classic&quot;}\">\n\t\t\t\t\t\t<div class=\"elementor-container elementor-column-gap-no\">\n\t\t\t\t\t<div class=\"elementor-column elementor-col-100 elementor-top-column elementor-element elementor-element-741cef1e\" data-id=\"741cef1e\" data-element_type=\"column\" data-e-type=\"column\">\n\t\t\t<div class=\"elementor-widget-wrap elementor-element-populated\">\n\t\t\t\t\t\t\t<\/div>\n\t\t<\/div>\n\t\t\t\t\t<\/div>\n\t\t<\/section>\n\t\t\t\t<\/div>","protected":false},"excerpt":{"rendered":"<p>COOKIES COOKIES USE POLICY When visiting and using the website of KM Racing s.r.o. cookies or other technologies such as pixels (collectively \u201ccookies\u201d) are activated on your device. Cookies are small content files that are used to store and receive identifiers and other information about the computers, phones and other devices from which you access [&hellip;]<\/p>\n","protected":false},"author":1,"featured_media":8293,"parent":0,"menu_order":0,"comment_status":"closed","ping_status":"closed","template":"elementor_header_footer","meta":{"_acf_changed":false,"footnotes":""},"class_list":["post-4208","page","type-page","status-publish","has-post-thumbnail","hentry"],"acf":[],"yoast_head":"<!-- This site is optimized with the Yoast SEO plugin v27.3 - https:\/\/yoast.com\/product\/yoast-seo-wordpress\/ -->\n<title>Cookies - MM Technology Racing<\/title>\n<meta name=\"description\" content=\"Get in touch \u2013 for media, partners, and fans. Links to OTS and our manufacturing site.\" \/>\n<meta name=\"robots\" content=\"index, follow, max-snippet:-1, max-image-preview:large, max-video-preview:-1\" \/>\n<link rel=\"canonical\" href=\"https:\/\/mmtechnology.racing\/cs\/cookies\/\" \/>\n<meta property=\"og:locale\" content=\"cs_CZ\" \/>\n<meta property=\"og:type\" content=\"article\" \/>\n<meta property=\"og:title\" content=\"Cookies - MM Technology Racing\" \/>\n<meta property=\"og:description\" content=\"Get in touch \u2013 for media, partners, and fans. Links to OTS and our manufacturing site.\" \/>\n<meta property=\"og:url\" content=\"https:\/\/mmtechnology.racing\/cs\/cookies\/\" \/>\n<meta property=\"og:site_name\" content=\"MM Technology Racing\" \/>\n<meta property=\"article:modified_time\" content=\"2026-02-16T13:33:54+00:00\" \/>\n<meta property=\"og:image\" content=\"http:\/\/mmtechnology.racing\/wp-content\/uploads\/2026\/01\/LR-260111161045-MMPHOTO1.jpg\" \/>\n\t<meta property=\"og:image:width\" content=\"2500\" \/>\n\t<meta property=\"og:image:height\" content=\"1667\" \/>\n\t<meta property=\"og:image:type\" content=\"image\/jpeg\" \/>\n<meta name=\"twitter:card\" content=\"summary_large_image\" \/>\n<meta name=\"twitter:label1\" content=\"Odhadovan\u00e1 doba \u010dten\u00ed\" \/>\n\t<meta name=\"twitter:data1\" content=\"1 minuta\" \/>\n<script type=\"application\/ld+json\" class=\"yoast-schema-graph\">{\"@context\":\"https:\\\/\\\/schema.org\",\"@graph\":[{\"@type\":\"WebPage\",\"@id\":\"https:\\\/\\\/mmtechnology.racing\\\/cookies\\\/\",\"url\":\"https:\\\/\\\/mmtechnology.racing\\\/cookies\\\/\",\"name\":\"Cookies - MM Technology Racing\",\"isPartOf\":{\"@id\":\"https:\\\/\\\/mmtechnology.racing\\\/#website\"},\"primaryImageOfPage\":{\"@id\":\"https:\\\/\\\/mmtechnology.racing\\\/cookies\\\/#primaryimage\"},\"image\":{\"@id\":\"https:\\\/\\\/mmtechnology.racing\\\/cookies\\\/#primaryimage\"},\"thumbnailUrl\":\"https:\\\/\\\/mmtechnology.racing\\\/wp-content\\\/uploads\\\/2026\\\/01\\\/LR-260111161045-MMPHOTO1.jpg\",\"datePublished\":\"2025-12-11T12:04:56+00:00\",\"dateModified\":\"2026-02-16T13:33:54+00:00\",\"description\":\"Get in touch \u2013 for media, partners, and fans. Links to OTS and our manufacturing site.\",\"breadcrumb\":{\"@id\":\"https:\\\/\\\/mmtechnology.racing\\\/cookies\\\/#breadcrumb\"},\"inLanguage\":\"cs\",\"potentialAction\":[{\"@type\":\"ReadAction\",\"target\":[\"https:\\\/\\\/mmtechnology.racing\\\/cookies\\\/\"]}]},{\"@type\":\"ImageObject\",\"inLanguage\":\"cs\",\"@id\":\"https:\\\/\\\/mmtechnology.racing\\\/cookies\\\/#primaryimage\",\"url\":\"https:\\\/\\\/mmtechnology.racing\\\/wp-content\\\/uploads\\\/2026\\\/01\\\/LR-260111161045-MMPHOTO1.jpg\",\"contentUrl\":\"https:\\\/\\\/mmtechnology.racing\\\/wp-content\\\/uploads\\\/2026\\\/01\\\/LR-260111161045-MMPHOTO1.jpg\",\"width\":2500,\"height\":1667,\"caption\":\"MM Technology - Dakar 2026\"},{\"@type\":\"BreadcrumbList\",\"@id\":\"https:\\\/\\\/mmtechnology.racing\\\/cookies\\\/#breadcrumb\",\"itemListElement\":[{\"@type\":\"ListItem\",\"position\":1,\"name\":\"Home\",\"item\":\"https:\\\/\\\/mmtechnology.racing\\\/\"},{\"@type\":\"ListItem\",\"position\":2,\"name\":\"Cookies\"}]},{\"@type\":\"WebSite\",\"@id\":\"https:\\\/\\\/mmtechnology.racing\\\/#website\",\"url\":\"https:\\\/\\\/mmtechnology.racing\\\/\",\"name\":\"MM Technology Racing\",\"description\":\"\",\"potentialAction\":[{\"@type\":\"SearchAction\",\"target\":{\"@type\":\"EntryPoint\",\"urlTemplate\":\"https:\\\/\\\/mmtechnology.racing\\\/?s={search_term_string}\"},\"query-input\":{\"@type\":\"PropertyValueSpecification\",\"valueRequired\":true,\"valueName\":\"search_term_string\"}}],\"inLanguage\":\"cs\"}]}<\/script>\n<!-- \/ Yoast SEO plugin. -->","yoast_head_json":{"title":"Cookies - MM Technology Racing","description":"Get in touch \u2013 for media, partners, and fans. Links to OTS and our manufacturing site.","robots":{"index":"index","follow":"follow","max-snippet":"max-snippet:-1","max-image-preview":"max-image-preview:large","max-video-preview":"max-video-preview:-1"},"canonical":"https:\/\/mmtechnology.racing\/cs\/cookies\/","og_locale":"cs_CZ","og_type":"article","og_title":"Cookies - MM Technology Racing","og_description":"Get in touch \u2013 for media, partners, and fans. Links to OTS and our manufacturing site.","og_url":"https:\/\/mmtechnology.racing\/cs\/cookies\/","og_site_name":"MM Technology Racing","article_modified_time":"2026-02-16T13:33:54+00:00","og_image":[{"width":2500,"height":1667,"url":"http:\/\/mmtechnology.racing\/wp-content\/uploads\/2026\/01\/LR-260111161045-MMPHOTO1.jpg","type":"image\/jpeg"}],"twitter_card":"summary_large_image","twitter_misc":{"Odhadovan\u00e1 doba \u010dten\u00ed":"1 minuta"},"schema":{"@context":"https:\/\/schema.org","@graph":[{"@type":"WebPage","@id":"https:\/\/mmtechnology.racing\/cookies\/","url":"https:\/\/mmtechnology.racing\/cookies\/","name":"Cookies - MM Technology Racing","isPartOf":{"@id":"https:\/\/mmtechnology.racing\/#website"},"primaryImageOfPage":{"@id":"https:\/\/mmtechnology.racing\/cookies\/#primaryimage"},"image":{"@id":"https:\/\/mmtechnology.racing\/cookies\/#primaryimage"},"thumbnailUrl":"https:\/\/mmtechnology.racing\/wp-content\/uploads\/2026\/01\/LR-260111161045-MMPHOTO1.jpg","datePublished":"2025-12-11T12:04:56+00:00","dateModified":"2026-02-16T13:33:54+00:00","description":"Get in touch \u2013 for media, partners, and fans. Links to OTS and our manufacturing site.","breadcrumb":{"@id":"https:\/\/mmtechnology.racing\/cookies\/#breadcrumb"},"inLanguage":"cs","potentialAction":[{"@type":"ReadAction","target":["https:\/\/mmtechnology.racing\/cookies\/"]}]},{"@type":"ImageObject","inLanguage":"cs","@id":"https:\/\/mmtechnology.racing\/cookies\/#primaryimage","url":"https:\/\/mmtechnology.racing\/wp-content\/uploads\/2026\/01\/LR-260111161045-MMPHOTO1.jpg","contentUrl":"https:\/\/mmtechnology.racing\/wp-content\/uploads\/2026\/01\/LR-260111161045-MMPHOTO1.jpg","width":2500,"height":1667,"caption":"MM Technology - Dakar 2026"},{"@type":"BreadcrumbList","@id":"https:\/\/mmtechnology.racing\/cookies\/#breadcrumb","itemListElement":[{"@type":"ListItem","position":1,"name":"Home","item":"https:\/\/mmtechnology.racing\/"},{"@type":"ListItem","position":2,"name":"Cookies"}]},{"@type":"WebSite","@id":"https:\/\/mmtechnology.racing\/#website","url":"https:\/\/mmtechnology.racing\/","name":"MM Technology Racing","description":"","potentialAction":[{"@type":"SearchAction","target":{"@type":"EntryPoint","urlTemplate":"https:\/\/mmtechnology.racing\/?s={search_term_string}"},"query-input":{"@type":"PropertyValueSpecification","valueRequired":true,"valueName":"search_term_string"}}],"inLanguage":"cs"}]}},"_links":{"self":[{"href":"https:\/\/mmtechnology.racing\/cs\/wp-json\/wp\/v2\/pages\/4208","targetHints":{"allow":["GET"]}}],"collection":[{"href":"https:\/\/mmtechnology.racing\/cs\/wp-json\/wp\/v2\/pages"}],"about":[{"href":"https:\/\/mmtechnology.racing\/cs\/wp-json\/wp\/v2\/types\/page"}],"author":[{"embeddable":true,"href":"https:\/\/mmtechnology.racing\/cs\/wp-json\/wp\/v2\/users\/1"}],"replies":[{"embeddable":true,"href":"https:\/\/mmtechnology.racing\/cs\/wp-json\/wp\/v2\/comments?post=4208"}],"version-history":[{"count":16,"href":"https:\/\/mmtechnology.racing\/cs\/wp-json\/wp\/v2\/pages\/4208\/revisions"}],"predecessor-version":[{"id":8842,"href":"https:\/\/mmtechnology.racing\/cs\/wp-json\/wp\/v2\/pages\/4208\/revisions\/8842"}],"wp:featuredmedia":[{"embeddable":true,"href":"https:\/\/mmtechnology.racing\/cs\/wp-json\/wp\/v2\/media\/8293"}],"wp:attachment":[{"href":"https:\/\/mmtechnology.racing\/cs\/wp-json\/wp\/v2\/media?parent=4208"}],"curies":[{"name":"wp","href":"https:\/\/api.w.org\/{rel}","templated":true}]}}